{"id":173,"date":"2021-11-08T09:34:33","date_gmt":"2021-11-08T09:34:33","guid":{"rendered":"http:\/\/michael-schlaile.de\/?page_id=173"},"modified":"2022-01-13T15:44:01","modified_gmt":"2022-01-13T15:44:01","slug":"impressum","status":"publish","type":"page","link":"https:\/\/michael-schlaile.de\/en\/impressum\/","title":{"rendered":"Imprint"},"content":{"rendered":"<div data-elementor-type=\"wp-page\" data-elementor-id=\"173\" class=\"elementor elementor-173\" data-elementor-post-type=\"page\">\n\t\t\t\t\t\t<section class=\"elementor-section elementor-top-section elementor-element elementor-element-de6000a elementor-section-boxed elementor-section-height-default elementor-section-height-default\" data-id=\"de6000a\" data-element_type=\"section\" data-e-type=\"section\">\n\t\t\t\t\t\t<div class=\"elementor-container elementor-column-gap-default\">\n\t\t\t\t\t<div class=\"elementor-column elementor-col-100 elementor-top-column elementor-element elementor-element-9bc2f03\" data-id=\"9bc2f03\" data-element_type=\"column\" data-e-type=\"column\">\n\t\t\t<div class=\"elementor-widget-wrap elementor-element-populated\">\n\t\t\t\t\t\t<div class=\"elementor-element elementor-element-c3c3370 elementor-widget elementor-widget-text-editor\" data-id=\"c3c3370\" data-element_type=\"widget\" data-e-type=\"widget\" data-widget_type=\"text-editor.default\">\n\t\t\t\t<div class=\"elementor-widget-container\">\n\t\t\t\t\t\t\t\t\t<h2>Imprint<\/h2><p>Dr. Michael P. Schlaile<\/p><p>Teckstra\u00dfe 2<br \/>71554 Weissach<\/p><p>\u00a0<\/p><p>E-Mail: <a href=\"mailto:info@michael-schlaile.de\">info@michael-schlaile.de<\/a><\/p><p><strong>Image Rights:<\/strong><br \/>wertstudent &#8211; https:\/\/wertstudent.de\/<\/p><p>\u00a0<\/p><section class=\"elementor-section elementor-top-section elementor-element elementor-element-b8760fd elementor-section-boxed elementor-section-height-default elementor-section-height-default parallax_section_no qode_elementor_container_no\" data-id=\"b8760fd\" data-element_type=\"section\"><div class=\"elementor-container elementor-column-gap-default\"><div class=\"elementor-row\"><div class=\"elementor-column elementor-col-100 elementor-top-column elementor-element elementor-element-6a43199\" data-id=\"6a43199\" data-element_type=\"column\"><div class=\"elementor-column-wrap elementor-element-populated\"><div class=\"elementor-widget-wrap\"><div class=\"elementor-element elementor-element-5a57ff1 elementor-widget elementor-widget-html\" data-id=\"5a57ff1\" data-element_type=\"widget\" data-widget_type=\"html.default\"><div class=\"elementor-widget-container\"><p><strong>Liability for contents<\/strong><\/p><p>As a service provider, we are responsible for our own content on these pages in accordance with the general laws pursuant to \u00a7 7 Para.1 TMG. According to \u00a7\u00a7 8 to 10 TMG, however, we are not obligated as a service provider to monitor transmitted or stored third-party information or to investigate circumstances that indicate illegal activity.<\/p><p>Obligations to remove or block the use of information under the general laws remain unaffected. However, liability in this regard is only possible from the point in time at which a concrete infringement of the law becomes known. If we become aware of any such infringements, we will remove the relevant content immediately.<\/p><p><strong>Liability for links<\/strong><\/p><p>Our offer contains links to external websites of third parties, on whose contents we have no influence. Therefore, we cannot assume any liability for these external contents. The respective provider or operator of the sites is always responsible for the content of the linked sites. The linked pages were checked for possible legal violations at the time of linking. Illegal contents were not recognizable at the time of linking.<\/p><p>However, a permanent control of the contents of the linked pages is not reasonable without concrete evidence of a violation of the law. If we become aware of any infringements, we will remove such links immediately.<\/p><p><strong>Copyright<\/strong><\/p><p>The contents and works created by the site operators on these pages are subject to German copyright law. Duplication, processing, distribution, or any form of commercialization of such material beyond the scope of the copyright law shall require the prior written consent of its respective author or creator. Downloads and copies of this site are only permitted for private, non-commercial use.<\/p><p>Insofar as the content on this site was not created by the operator, the copyrights of third parties are respected. In particular, third-party content is identified as such. Should you nevertheless become aware of a copyright infringement, please inform us accordingly. If we become aware of any infringements, we will remove such content immediately.<\/p><\/div><\/div><\/div><\/div><\/div><\/div><\/div><\/section><section class=\"elementor-section elementor-top-section elementor-element elementor-element-63048b2 elementor-section-boxed elementor-section-height-default elementor-section-height-default parallax_section_no qode_elementor_container_no\" data-id=\"63048b2\" data-element_type=\"section\"><div class=\"elementor-container elementor-column-gap-default\"><div class=\"elementor-row\"><div class=\"elementor-column elementor-col-100 elementor-top-column elementor-element elementor-element-f3792ca\" data-id=\"f3792ca\" data-element_type=\"column\"><div class=\"elementor-column-wrap elementor-element-populated\"><div class=\"elementor-widget-wrap\"><div class=\"elementor-element elementor-element-c4bd8ea elementor-widget elementor-widget-spacer\" data-id=\"c4bd8ea\" data-element_type=\"widget\" data-widget_type=\"spacer.default\"><div class=\"elementor-widget-container\"><div class=\"elementor-spacer\">\u00a0<\/div><\/div><\/div><\/div><\/div><\/div><\/div><\/div><\/section>\t\t\t\t\t\t\t\t<\/div>\n\t\t\t\t<\/div>\n\t\t\t\t\t<\/div>\n\t\t<\/div>\n\t\t\t\t\t<\/div>\n\t\t<\/section>\n\t\t\t\t<\/div>","protected":false},"excerpt":{"rendered":"<p>Impressum Dr. Michael P. Schlaile Teckstra\u00dfe 271554 Weissach \u00a0 E-Mail: info@michael-schlaile.de Bildrechte:wertstudent &#8211; https:\/\/wertstudent.de\/ \u00a0 Haftung f\u00fcr Inhalte Als Diensteanbieter sind wir gem\u00e4\u00df \u00a7 7 Abs.1 TMG f\u00fcr eigene Inhalte auf diesen Seiten nach den allgemeinen Gesetzen verantwortlich. Nach \u00a7\u00a7 8 bis 10 TMG sind wir als Diensteanbieter jedoch nicht verpflichtet, \u00fcbermittelte oder gespeicherte fremde [&hellip;]<\/p>\n","protected":false},"author":1,"featured_media":0,"parent":0,"menu_order":0,"comment_status":"closed","ping_status":"closed","template":"","meta":{"footnotes":""},"class_list":["post-173","page","type-page","status-publish","hentry"],"yoast_head":"<!-- This site is optimized with the Yoast SEO plugin v27.4 - https:\/\/yoast.com\/product\/yoast-seo-wordpress\/ -->\n<title>Impressum - Dr. Michael P. Schlaile<\/title>\n<meta name=\"robots\" content=\"index, follow, max-snippet:-1, max-image-preview:large, max-video-preview:-1\" \/>\n<link rel=\"canonical\" href=\"https:\/\/michael-schlaile.de\/en\/impressum\/\" \/>\n<meta property=\"og:locale\" content=\"en_GB\" \/>\n<meta property=\"og:type\" content=\"article\" \/>\n<meta property=\"og:title\" content=\"Impressum - Dr. Michael P. Schlaile\" \/>\n<meta property=\"og:description\" content=\"Impressum Dr. Michael P. Schlaile Teckstra\u00dfe 271554 Weissach \u00a0 E-Mail: info@michael-schlaile.de Bildrechte:wertstudent &#8211; https:\/\/wertstudent.de\/ \u00a0 Haftung f\u00fcr Inhalte Als Diensteanbieter sind wir gem\u00e4\u00df \u00a7 7 Abs.1 TMG f\u00fcr eigene Inhalte auf diesen Seiten nach den allgemeinen Gesetzen verantwortlich. Nach \u00a7\u00a7 8 bis 10 TMG sind wir als Diensteanbieter jedoch nicht verpflichtet, \u00fcbermittelte oder gespeicherte fremde [&hellip;]\" \/>\n<meta property=\"og:url\" content=\"https:\/\/michael-schlaile.de\/en\/impressum\/\" \/>\n<meta property=\"og:site_name\" content=\"Dr. Michael P. Schlaile\" \/>\n<meta property=\"article:modified_time\" content=\"2022-01-13T15:44:01+00:00\" \/>\n<meta name=\"twitter:card\" content=\"summary_large_image\" \/>\n<meta name=\"twitter:label1\" content=\"Estimated reading time\" \/>\n\t<meta name=\"twitter:data1\" content=\"4 minutes\" \/>\n<script type=\"application\/ld+json\" class=\"yoast-schema-graph\">{\"@context\":\"https:\\\/\\\/schema.org\",\"@graph\":[{\"@type\":\"WebPage\",\"@id\":\"https:\\\/\\\/michael-schlaile.de\\\/impressum\\\/\",\"url\":\"https:\\\/\\\/michael-schlaile.de\\\/impressum\\\/\",\"name\":\"Impressum - Dr. Michael P. Schlaile\",\"isPartOf\":{\"@id\":\"https:\\\/\\\/michael-schlaile.de\\\/#website\"},\"datePublished\":\"2021-11-08T09:34:33+00:00\",\"dateModified\":\"2022-01-13T15:44:01+00:00\",\"breadcrumb\":{\"@id\":\"https:\\\/\\\/michael-schlaile.de\\\/impressum\\\/#breadcrumb\"},\"inLanguage\":\"en-GB\",\"potentialAction\":[{\"@type\":\"ReadAction\",\"target\":[\"https:\\\/\\\/michael-schlaile.de\\\/impressum\\\/\"]}]},{\"@type\":\"BreadcrumbList\",\"@id\":\"https:\\\/\\\/michael-schlaile.de\\\/impressum\\\/#breadcrumb\",\"itemListElement\":[{\"@type\":\"ListItem\",\"position\":1,\"name\":\"Startseite\",\"item\":\"https:\\\/\\\/michael-schlaile.de\\\/\"},{\"@type\":\"ListItem\",\"position\":2,\"name\":\"Impressum\"}]},{\"@type\":\"WebSite\",\"@id\":\"https:\\\/\\\/michael-schlaile.de\\\/#website\",\"url\":\"https:\\\/\\\/michael-schlaile.de\\\/\",\"name\":\"Dr. Michael P. Schlaile\",\"description\":\"\",\"publisher\":{\"@id\":\"https:\\\/\\\/michael-schlaile.de\\\/#\\\/schema\\\/person\\\/33b07fa02c32cb6c5f77872b251e9477\"},\"potentialAction\":[{\"@type\":\"SearchAction\",\"target\":{\"@type\":\"EntryPoint\",\"urlTemplate\":\"https:\\\/\\\/michael-schlaile.de\\\/?s={search_term_string}\"},\"query-input\":{\"@type\":\"PropertyValueSpecification\",\"valueRequired\":true,\"valueName\":\"search_term_string\"}}],\"inLanguage\":\"en-GB\"},{\"@type\":[\"Person\",\"Organization\"],\"@id\":\"https:\\\/\\\/michael-schlaile.de\\\/#\\\/schema\\\/person\\\/33b07fa02c32cb6c5f77872b251e9477\",\"name\":\"Michael Schlaile\",\"image\":{\"@type\":\"ImageObject\",\"inLanguage\":\"en-GB\",\"@id\":\"http:\\\/\\\/michael-schlaile.de\\\/wp-content\\\/uploads\\\/2021\\\/10\\\/SCHLAILE_LOGO_V01.png\",\"url\":\"http:\\\/\\\/michael-schlaile.de\\\/wp-content\\\/uploads\\\/2021\\\/10\\\/SCHLAILE_LOGO_V01.png\",\"contentUrl\":\"http:\\\/\\\/michael-schlaile.de\\\/wp-content\\\/uploads\\\/2021\\\/10\\\/SCHLAILE_LOGO_V01.png\",\"width\":4321,\"height\":4307,\"caption\":\"Michael Schlaile\"},\"logo\":{\"@id\":\"http:\\\/\\\/michael-schlaile.de\\\/wp-content\\\/uploads\\\/2021\\\/10\\\/SCHLAILE_LOGO_V01.png\"}}]}<\/script>\n<!-- \/ Yoast SEO plugin. -->","yoast_head_json":{"title":"Impressum - Dr. Michael P. Schlaile","robots":{"index":"index","follow":"follow","max-snippet":"max-snippet:-1","max-image-preview":"max-image-preview:large","max-video-preview":"max-video-preview:-1"},"canonical":"https:\/\/michael-schlaile.de\/en\/impressum\/","og_locale":"en_GB","og_type":"article","og_title":"Impressum - Dr. Michael P. Schlaile","og_description":"Impressum Dr. Michael P. Schlaile Teckstra\u00dfe 271554 Weissach \u00a0 E-Mail: info@michael-schlaile.de Bildrechte:wertstudent &#8211; https:\/\/wertstudent.de\/ \u00a0 Haftung f\u00fcr Inhalte Als Diensteanbieter sind wir gem\u00e4\u00df \u00a7 7 Abs.1 TMG f\u00fcr eigene Inhalte auf diesen Seiten nach den allgemeinen Gesetzen verantwortlich. Nach \u00a7\u00a7 8 bis 10 TMG sind wir als Diensteanbieter jedoch nicht verpflichtet, \u00fcbermittelte oder gespeicherte fremde [&hellip;]","og_url":"https:\/\/michael-schlaile.de\/en\/impressum\/","og_site_name":"Dr. Michael P. Schlaile","article_modified_time":"2022-01-13T15:44:01+00:00","twitter_card":"summary_large_image","twitter_misc":{"Estimated reading time":"4 minutes"},"schema":{"@context":"https:\/\/schema.org","@graph":[{"@type":"WebPage","@id":"https:\/\/michael-schlaile.de\/impressum\/","url":"https:\/\/michael-schlaile.de\/impressum\/","name":"Impressum - Dr. Michael P. Schlaile","isPartOf":{"@id":"https:\/\/michael-schlaile.de\/#website"},"datePublished":"2021-11-08T09:34:33+00:00","dateModified":"2022-01-13T15:44:01+00:00","breadcrumb":{"@id":"https:\/\/michael-schlaile.de\/impressum\/#breadcrumb"},"inLanguage":"en-GB","potentialAction":[{"@type":"ReadAction","target":["https:\/\/michael-schlaile.de\/impressum\/"]}]},{"@type":"BreadcrumbList","@id":"https:\/\/michael-schlaile.de\/impressum\/#breadcrumb","itemListElement":[{"@type":"ListItem","position":1,"name":"Startseite","item":"https:\/\/michael-schlaile.de\/"},{"@type":"ListItem","position":2,"name":"Impressum"}]},{"@type":"WebSite","@id":"https:\/\/michael-schlaile.de\/#website","url":"https:\/\/michael-schlaile.de\/","name":"Dr. Michael P. Schlaile","description":"","publisher":{"@id":"https:\/\/michael-schlaile.de\/#\/schema\/person\/33b07fa02c32cb6c5f77872b251e9477"},"potentialAction":[{"@type":"SearchAction","target":{"@type":"EntryPoint","urlTemplate":"https:\/\/michael-schlaile.de\/?s={search_term_string}"},"query-input":{"@type":"PropertyValueSpecification","valueRequired":true,"valueName":"search_term_string"}}],"inLanguage":"en-GB"},{"@type":["Person","Organization"],"@id":"https:\/\/michael-schlaile.de\/#\/schema\/person\/33b07fa02c32cb6c5f77872b251e9477","name":"Michael Schlaile","image":{"@type":"ImageObject","inLanguage":"en-GB","@id":"http:\/\/michael-schlaile.de\/wp-content\/uploads\/2021\/10\/SCHLAILE_LOGO_V01.png","url":"http:\/\/michael-schlaile.de\/wp-content\/uploads\/2021\/10\/SCHLAILE_LOGO_V01.png","contentUrl":"http:\/\/michael-schlaile.de\/wp-content\/uploads\/2021\/10\/SCHLAILE_LOGO_V01.png","width":4321,"height":4307,"caption":"Michael Schlaile"},"logo":{"@id":"http:\/\/michael-schlaile.de\/wp-content\/uploads\/2021\/10\/SCHLAILE_LOGO_V01.png"}}]}},"_links":{"self":[{"href":"https:\/\/michael-schlaile.de\/en\/wp-json\/wp\/v2\/pages\/173","targetHints":{"allow":["GET"]}}],"collection":[{"href":"https:\/\/michael-schlaile.de\/en\/wp-json\/wp\/v2\/pages"}],"about":[{"href":"https:\/\/michael-schlaile.de\/en\/wp-json\/wp\/v2\/types\/page"}],"author":[{"embeddable":true,"href":"https:\/\/michael-schlaile.de\/en\/wp-json\/wp\/v2\/users\/1"}],"replies":[{"embeddable":true,"href":"https:\/\/michael-schlaile.de\/en\/wp-json\/wp\/v2\/comments?post=173"}],"version-history":[{"count":23,"href":"https:\/\/michael-schlaile.de\/en\/wp-json\/wp\/v2\/pages\/173\/revisions"}],"predecessor-version":[{"id":1700,"href":"https:\/\/michael-schlaile.de\/en\/wp-json\/wp\/v2\/pages\/173\/revisions\/1700"}],"wp:attachment":[{"href":"https:\/\/michael-schlaile.de\/en\/wp-json\/wp\/v2\/media?parent=173"}],"curies":[{"name":"wp","href":"https:\/\/api.w.org\/{rel}","templated":true}]}}